{"id":3251,"date":"2023-11-16T06:36:47","date_gmt":"2023-11-16T06:36:47","guid":{"rendered":"https:\/\/discoverdonosti.com\/alrededores\/"},"modified":"2024-09-04T16:47:27","modified_gmt":"2024-09-04T15:47:27","slug":"alrededores","status":"publish","type":"page","link":"https:\/\/discoverdonosti.com\/es\/alrededores\/","title":{"rendered":"Alrededores"},"content":{"rendered":"<div class=\"gb-container gb-container-4b498ab9\">\n<div class=\"gb-grid-wrapper gb-grid-wrapper-ed6f540d\">\n<div class=\"gb-grid-column gb-grid-column-a34859da\"><div class=\"gb-container gb-container-a34859da\">\n\n<h1 class=\"wp-block-heading\"><strong>Alrededores<\/strong><\/h1>\n\n\n\n<p>Aunque hay muchas cosas que hacer en San Sebasti\u00e1n, el Pa\u00eds Vasco y sus alrededores tienen tanta belleza natural que merece la pena acercarse a alguno de los <a href=\"https:\/\/discoverdonosti.com\/es\/ciudades-y-pueblos-del-pais-vasco\/\">pueblos o ciudades cercanos<\/a>.<\/p>\n\n\n\n<p>A continuaci\u00f3n, algunos de los lugares que recomendamos como parte de una <a href=\"https:\/\/discoverdonosti.com\/es\/excursiones-desde-san-sebastian\/\">excursi\u00f3n de un d\u00eda desde San Sebasti\u00e1n<\/a> o como parte de una parada m\u00e1s larga en el Norte de Espa\u00f1a y el Sur de Francia.<\/p>\n\n<\/div><\/div>\n\n<div class=\"gb-grid-column gb-grid-column-85a7bde5\"><div class=\"gb-container gb-container-85a7bde5\"><\/div><\/div>\n<\/div>\n<\/div>\n\n<div class=\"gb-grid-wrapper gb-grid-wrapper-64e79de8\">\n<div class=\"gb-grid-column gb-grid-column-62445720\"><div class=\"gb-container gb-container-62445720\">\n\n<figure class=\"wp-block-image size-large\"><a href=\"https:\/\/discoverdonosti.com\/es\/bilbao\/\"><img loading=\"lazy\" decoding=\"async\" width=\"1024\" height=\"768\" src=\"http:\/\/discoverdonosti.com\/wp-content\/uploads\/2023\/09\/River-Nerion-banks-Bilbao-1024x768.jpg\" alt=\"Orillas del Nervi\u00f3n en Bilbao\" class=\"wp-image-3188\" srcset=\"https:\/\/discoverdonosti.com\/wp-content\/uploads\/2023\/09\/River-Nerion-banks-Bilbao-1024x768.jpg 1024w, https:\/\/discoverdonosti.com\/wp-content\/uploads\/2023\/09\/River-Nerion-banks-Bilbao-300x225.jpg 300w, https:\/\/discoverdonosti.com\/wp-content\/uploads\/2023\/09\/River-Nerion-banks-Bilbao-768x576.jpg 768w, https:\/\/discoverdonosti.com\/wp-content\/uploads\/2023\/09\/River-Nerion-banks-Bilbao.jpg 1200w\" sizes=\"auto, (max-width: 1024px) 100vw, 1024px\" \/><\/a><\/figure>\n\n\n\n<h3 class=\"gb-headline gb-headline-ecc0853d gb-headline-text\"><a href=\"https:\/\/discoverdonosti.com\/es\/bilbao\/\">Bilbao<\/a><\/h3>\n\n<\/div><\/div>\n\n<div class=\"gb-grid-column gb-grid-column-97397370\"><div class=\"gb-container gb-container-97397370\">\n\n<figure class=\"wp-block-image size-full is-resized\"><a href=\"https:\/\/discoverdonosti.com\/es\/tag\/hondarribia-fuenterrabia\/\"><img loading=\"lazy\" decoding=\"async\" width=\"1000\" height=\"750\" src=\"http:\/\/discoverdonosti.com\/wp-content\/uploads\/2022\/11\/Hondarribia-Skyline.jpg\" alt=\"\" class=\"wp-image-781\" style=\"width:146px;height:auto\" srcset=\"https:\/\/discoverdonosti.com\/wp-content\/uploads\/2022\/11\/Hondarribia-Skyline.jpg 1000w, https:\/\/discoverdonosti.com\/wp-content\/uploads\/2022\/11\/Hondarribia-Skyline-300x225.jpg 300w, https:\/\/discoverdonosti.com\/wp-content\/uploads\/2022\/11\/Hondarribia-Skyline-768x576.jpg 768w\" sizes=\"auto, (max-width: 1000px) 100vw, 1000px\" \/><\/a><\/figure>\n\n\n\n<h3 class=\"wp-block-heading\"><a href=\"https:\/\/discoverdonosti.com\/es\/tag\/hondarribia-fuenterrabia\/\">Hondarribia<\/a><\/h3>\n\n<\/div><\/div>\n\n<div class=\"gb-grid-column gb-grid-column-07e70ddc\"><div class=\"gb-container gb-container-07e70ddc\">\n\n<figure class=\"wp-block-image size-large\"><a href=\"https:\/\/discoverdonosti.com\/es\/san-juan-de-gaztelugatxe\/\"><img loading=\"lazy\" decoding=\"async\" width=\"1024\" height=\"768\" src=\"http:\/\/discoverdonosti.com\/wp-content\/uploads\/2023\/11\/san-juan-gaztelugatxe-walk-1024x768.jpg\" alt=\"La vista de San Juan de Gaztelugatxe bajando\" class=\"wp-image-3248\" srcset=\"https:\/\/discoverdonosti.com\/wp-content\/uploads\/2023\/11\/san-juan-gaztelugatxe-walk-1024x768.jpg 1024w, https:\/\/discoverdonosti.com\/wp-content\/uploads\/2023\/11\/san-juan-gaztelugatxe-walk-300x225.jpg 300w, https:\/\/discoverdonosti.com\/wp-content\/uploads\/2023\/11\/san-juan-gaztelugatxe-walk-768x576.jpg 768w, https:\/\/discoverdonosti.com\/wp-content\/uploads\/2023\/11\/san-juan-gaztelugatxe-walk.jpg 1200w\" sizes=\"auto, (max-width: 1024px) 100vw, 1024px\" \/><\/a><\/figure>\n\n\n\n<h3 class=\"wp-block-heading\"><a href=\"https:\/\/discoverdonosti.com\/es\/san-juan-de-gaztelugatxe\/\">San Juan de Gaztelugatxe<\/a><\/h3>\n\n<\/div><\/div>\n\n<div class=\"gb-grid-column gb-grid-column-f6097cfa\"><div class=\"gb-container gb-container-f6097cfa\">\n\n<figure class=\"wp-block-image size-full\"><a href=\"https:\/\/discoverdonosti.com\/es\/tolosa\/\"><img loading=\"lazy\" decoding=\"async\" width=\"1000\" height=\"750\" src=\"http:\/\/discoverdonosti.com\/wp-content\/uploads\/2022\/09\/old-town-tolosa.jpg\" alt=\"Casco antiguo de Tolosa\" class=\"wp-image-612\" srcset=\"https:\/\/discoverdonosti.com\/wp-content\/uploads\/2022\/09\/old-town-tolosa.jpg 1000w, https:\/\/discoverdonosti.com\/wp-content\/uploads\/2022\/09\/old-town-tolosa-300x225.jpg 300w, https:\/\/discoverdonosti.com\/wp-content\/uploads\/2022\/09\/old-town-tolosa-768x576.jpg 768w\" sizes=\"auto, (max-width: 1000px) 100vw, 1000px\" \/><\/a><\/figure>\n\n\n\n<h3 class=\"wp-block-heading\"><a href=\"https:\/\/discoverdonosti.com\/es\/tolosa\/\">Tolosa<\/a><\/h3>\n\n<\/div><\/div>\n<\/div>\n\n<div class=\"gb-grid-wrapper gb-grid-wrapper-0b61cf6e\">\n<div class=\"gb-grid-column gb-grid-column-a51d8dd8\"><div class=\"gb-container gb-container-a51d8dd8\">\n\n<figure class=\"wp-block-image size-full\"><a href=\"https:\/\/discoverdonosti.com\/es\/zarautz\/\"><img loading=\"lazy\" decoding=\"async\" width=\"1000\" height=\"750\" src=\"http:\/\/discoverdonosti.com\/wp-content\/uploads\/2022\/01\/zarautz.jpg\" alt=\"Vista desde el Monte Talaimendi en Zarautz\" class=\"wp-image-114\" srcset=\"https:\/\/discoverdonosti.com\/wp-content\/uploads\/2022\/01\/zarautz.jpg 1000w, https:\/\/discoverdonosti.com\/wp-content\/uploads\/2022\/01\/zarautz-300x225.jpg 300w, https:\/\/discoverdonosti.com\/wp-content\/uploads\/2022\/01\/zarautz-768x576.jpg 768w\" sizes=\"auto, (max-width: 1000px) 100vw, 1000px\" \/><\/a><\/figure>\n\n\n\n<h3 class=\"gb-headline gb-headline-45f2e33c gb-headline-text\"><a href=\"https:\/\/discoverdonosti.com\/es\/zarautz\/\">Zarautz<\/a><\/h3>\n\n<\/div><\/div>\n\n<div class=\"gb-grid-column gb-grid-column-db782d8e\"><div class=\"gb-container gb-container-db782d8e\">\n\n<figure class=\"wp-block-image size-full is-resized\"><a href=\"https:\/\/discoverdonosti.com\/es\/hendaya\/\"><img loading=\"lazy\" decoding=\"async\" width=\"1000\" height=\"750\" src=\"http:\/\/discoverdonosti.com\/wp-content\/uploads\/2022\/11\/Hendaye-port.jpg\" alt=\"Barcos aparcados en el puerto de Hendaya Francia\" class=\"wp-image-760\" style=\"width:146px;height:auto\" srcset=\"https:\/\/discoverdonosti.com\/wp-content\/uploads\/2022\/11\/Hendaye-port.jpg 1000w, https:\/\/discoverdonosti.com\/wp-content\/uploads\/2022\/11\/Hendaye-port-300x225.jpg 300w, https:\/\/discoverdonosti.com\/wp-content\/uploads\/2022\/11\/Hendaye-port-768x576.jpg 768w\" sizes=\"auto, (max-width: 1000px) 100vw, 1000px\" \/><\/a><\/figure>\n\n\n\n<h3 class=\"wp-block-heading\"><a href=\"https:\/\/discoverdonosti.com\/es\/hendaya\/\">Hendaya<\/a><\/h3>\n\n<\/div><\/div>\n\n<div class=\"gb-grid-column gb-grid-column-e4ebd1a4\"><div class=\"gb-container gb-container-e4ebd1a4\">\n\n<figure class=\"wp-block-image size-full is-resized\"><a href=\"https:\/\/discoverdonosti.com\/es\/tag\/zumaia-es\/\"><img loading=\"lazy\" decoding=\"async\" width=\"1500\" height=\"1125\" src=\"http:\/\/discoverdonosti.com\/wp-content\/uploads\/2024\/01\/Zumaia-Flysch.jpg\" alt=\"The Flysch in Zumaia\" class=\"wp-image-3402\" style=\"width:146px;height:auto\" srcset=\"https:\/\/discoverdonosti.com\/wp-content\/uploads\/2024\/01\/Zumaia-Flysch.jpg 1500w, https:\/\/discoverdonosti.com\/wp-content\/uploads\/2024\/01\/Zumaia-Flysch-300x225.jpg 300w, https:\/\/discoverdonosti.com\/wp-content\/uploads\/2024\/01\/Zumaia-Flysch-1024x768.jpg 1024w, https:\/\/discoverdonosti.com\/wp-content\/uploads\/2024\/01\/Zumaia-Flysch-768x576.jpg 768w\" sizes=\"auto, (max-width: 1500px) 100vw, 1500px\" \/><\/a><\/figure>\n\n\n\n<h3 class=\"wp-block-heading\"><a href=\"https:\/\/discoverdonosti.com\/es\/tag\/zumaia-es\/\">Zumaia<\/a><\/h3>\n\n<\/div><\/div>\n\n<div class=\"gb-grid-column gb-grid-column-1065f181\"><div class=\"gb-container gb-container-1065f181\">\n\n<figure class=\"wp-block-image size-full is-resized\"><a href=\"https:\/\/discoverdonosti.com\/es\/tag\/gipuzkoa-es\/\"><img loading=\"lazy\" decoding=\"async\" width=\"1000\" height=\"750\" src=\"http:\/\/discoverdonosti.com\/wp-content\/uploads\/2022\/01\/Getaria.jpg\" alt=\"\" class=\"wp-image-1205\" style=\"width:146px;height:auto\" srcset=\"https:\/\/discoverdonosti.com\/wp-content\/uploads\/2022\/01\/Getaria.jpg 1000w, https:\/\/discoverdonosti.com\/wp-content\/uploads\/2022\/01\/Getaria-300x225.jpg 300w, https:\/\/discoverdonosti.com\/wp-content\/uploads\/2022\/01\/Getaria-768x576.jpg 768w\" sizes=\"auto, (max-width: 1000px) 100vw, 1000px\" \/><\/a><\/figure>\n\n\n\n<h3 class=\"wp-block-heading\"><a href=\"https:\/\/discoverdonosti.com\/es\/tag\/gipuzkoa-es\/\">Gipuzkoa<\/a><\/h3>\n\n<\/div><\/div>\n<\/div>\n\n<div class=\"gb-grid-wrapper gb-grid-wrapper-a165a244\">\n<div class=\"gb-grid-column gb-grid-column-bb2a48b0\"><div class=\"gb-container gb-container-bb2a48b0\">\n\n<figure class=\"wp-block-image size-full\"><a href=\"https:\/\/discoverdonosti.com\/es\/chiringuitos-iparralde\/\"><img loading=\"lazy\" decoding=\"async\" width=\"1200\" height=\"900\" src=\"http:\/\/discoverdonosti.com\/wp-content\/uploads\/2024\/07\/Blue-Cargo.jpg\" alt=\"Blue Cargo Beach Bar in Bidart\" class=\"wp-image-3929\" srcset=\"https:\/\/discoverdonosti.com\/wp-content\/uploads\/2024\/07\/Blue-Cargo.jpg 1200w, https:\/\/discoverdonosti.com\/wp-content\/uploads\/2024\/07\/Blue-Cargo-300x225.jpg 300w, https:\/\/discoverdonosti.com\/wp-content\/uploads\/2024\/07\/Blue-Cargo-1024x768.jpg 1024w, https:\/\/discoverdonosti.com\/wp-content\/uploads\/2024\/07\/Blue-Cargo-768x576.jpg 768w\" sizes=\"auto, (max-width: 1200px) 100vw, 1200px\" \/><\/a><\/figure>\n\n\n\n<h3 class=\"gb-headline gb-headline-3a845aa5 gb-headline-text\"><a href=\"https:\/\/discoverdonosti.com\/es\/chiringuitos-iparralde\/\">Chiringuitos en Iparralde<\/a><\/h3>\n\n<\/div><\/div>\n<\/div>","protected":false},"excerpt":{"rendered":"","protected":false},"author":2,"featured_media":0,"parent":0,"menu_order":0,"comment_status":"closed","ping_status":"closed","template":"","meta":{"footnotes":""},"class_list":["post-3251","page","type-page","status-publish"],"yoast_head":"<!-- This site is optimized with the Yoast SEO plugin v27.4 - https:\/\/yoast.com\/product\/yoast-seo-wordpress\/ -->\n<title>Lugares cercanos a San Sebasti\u00e1n que merece la pena visitar - Discover Donosti<\/title>\n<meta name=\"robots\" content=\"index, follow, max-snippet:-1, max-image-preview:large, max-video-preview:-1\" \/>\n<link rel=\"canonical\" href=\"https:\/\/discoverdonosti.com\/es\/alrededores\/\" \/>\n<meta property=\"og:locale\" content=\"es_ES\" \/>\n<meta property=\"og:type\" content=\"article\" \/>\n<meta property=\"og:title\" content=\"Lugares cercanos a San Sebasti\u00e1n que merece la pena visitar - Discover Donosti\" \/>\n<meta property=\"og:url\" content=\"https:\/\/discoverdonosti.com\/es\/alrededores\/\" \/>\n<meta property=\"og:site_name\" content=\"Discover Donosti\" \/>\n<meta property=\"article:modified_time\" content=\"2024-09-04T15:47:27+00:00\" \/>\n<meta property=\"og:image\" content=\"http:\/\/discoverdonosti.com\/wp-content\/uploads\/2023\/09\/River-Nerion-banks-Bilbao-1024x768.jpg\" \/>\n<meta name=\"twitter:card\" content=\"summary_large_image\" \/>\n<meta name=\"twitter:label1\" content=\"Tiempo de lectura\" \/>\n\t<meta name=\"twitter:data1\" content=\"3 minutos\" \/>\n<script type=\"application\/ld+json\" class=\"yoast-schema-graph\">{\"@context\":\"https:\\\/\\\/schema.org\",\"@graph\":[{\"@type\":\"WebPage\",\"@id\":\"https:\\\/\\\/discoverdonosti.com\\\/es\\\/alrededores\\\/\",\"url\":\"https:\\\/\\\/discoverdonosti.com\\\/es\\\/alrededores\\\/\",\"name\":\"Lugares cercanos a San Sebasti\u00e1n que merece la pena visitar - Discover Donosti\",\"isPartOf\":{\"@id\":\"https:\\\/\\\/discoverdonosti.com\\\/es\\\/#website\"},\"primaryImageOfPage\":{\"@id\":\"https:\\\/\\\/discoverdonosti.com\\\/es\\\/alrededores\\\/#primaryimage\"},\"image\":{\"@id\":\"https:\\\/\\\/discoverdonosti.com\\\/es\\\/alrededores\\\/#primaryimage\"},\"thumbnailUrl\":\"http:\\\/\\\/discoverdonosti.com\\\/wp-content\\\/uploads\\\/2023\\\/09\\\/River-Nerion-banks-Bilbao-1024x768.jpg\",\"datePublished\":\"2023-11-16T06:36:47+00:00\",\"dateModified\":\"2024-09-04T15:47:27+00:00\",\"breadcrumb\":{\"@id\":\"https:\\\/\\\/discoverdonosti.com\\\/es\\\/alrededores\\\/#breadcrumb\"},\"inLanguage\":\"es\",\"potentialAction\":[{\"@type\":\"ReadAction\",\"target\":[\"https:\\\/\\\/discoverdonosti.com\\\/es\\\/alrededores\\\/\"]}]},{\"@type\":\"ImageObject\",\"inLanguage\":\"es\",\"@id\":\"https:\\\/\\\/discoverdonosti.com\\\/es\\\/alrededores\\\/#primaryimage\",\"url\":\"http:\\\/\\\/discoverdonosti.com\\\/wp-content\\\/uploads\\\/2023\\\/09\\\/River-Nerion-banks-Bilbao-1024x768.jpg\",\"contentUrl\":\"http:\\\/\\\/discoverdonosti.com\\\/wp-content\\\/uploads\\\/2023\\\/09\\\/River-Nerion-banks-Bilbao-1024x768.jpg\"},{\"@type\":\"BreadcrumbList\",\"@id\":\"https:\\\/\\\/discoverdonosti.com\\\/es\\\/alrededores\\\/#breadcrumb\",\"itemListElement\":[{\"@type\":\"ListItem\",\"position\":1,\"name\":\"Home\",\"item\":\"https:\\\/\\\/discoverdonosti.com\\\/es\\\/\"},{\"@type\":\"ListItem\",\"position\":2,\"name\":\"Alrededores\"}]},{\"@type\":\"WebSite\",\"@id\":\"https:\\\/\\\/discoverdonosti.com\\\/es\\\/#website\",\"url\":\"https:\\\/\\\/discoverdonosti.com\\\/es\\\/\",\"name\":\"Discover Donosti\",\"description\":\"Your ultimate guide to San Sebastian\",\"publisher\":{\"@id\":\"https:\\\/\\\/discoverdonosti.com\\\/es\\\/#organization\"},\"potentialAction\":[{\"@type\":\"SearchAction\",\"target\":{\"@type\":\"EntryPoint\",\"urlTemplate\":\"https:\\\/\\\/discoverdonosti.com\\\/es\\\/?s={search_term_string}\"},\"query-input\":{\"@type\":\"PropertyValueSpecification\",\"valueRequired\":true,\"valueName\":\"search_term_string\"}}],\"inLanguage\":\"es\"},{\"@type\":\"Organization\",\"@id\":\"https:\\\/\\\/discoverdonosti.com\\\/es\\\/#organization\",\"name\":\"Discover Donosti\",\"url\":\"https:\\\/\\\/discoverdonosti.com\\\/es\\\/\",\"logo\":{\"@type\":\"ImageObject\",\"inLanguage\":\"es\",\"@id\":\"https:\\\/\\\/discoverdonosti.com\\\/es\\\/#\\\/schema\\\/logo\\\/image\\\/\",\"url\":\"https:\\\/\\\/discoverdonosti.com\\\/wp-content\\\/uploads\\\/2022\\\/07\\\/Discover-Donosti-Favicon.jpg\",\"contentUrl\":\"https:\\\/\\\/discoverdonosti.com\\\/wp-content\\\/uploads\\\/2022\\\/07\\\/Discover-Donosti-Favicon.jpg\",\"width\":600,\"height\":600,\"caption\":\"Discover Donosti\"},\"image\":{\"@id\":\"https:\\\/\\\/discoverdonosti.com\\\/es\\\/#\\\/schema\\\/logo\\\/image\\\/\"},\"sameAs\":[\"https:\\\/\\\/www.instagram.com\\\/discoverdonosti\\\/\"]}]}<\/script>\n<!-- \/ Yoast SEO plugin. -->","yoast_head_json":{"title":"Lugares cercanos a San Sebasti\u00e1n que merece la pena visitar - Discover Donosti","robots":{"index":"index","follow":"follow","max-snippet":"max-snippet:-1","max-image-preview":"max-image-preview:large","max-video-preview":"max-video-preview:-1"},"canonical":"https:\/\/discoverdonosti.com\/es\/alrededores\/","og_locale":"es_ES","og_type":"article","og_title":"Lugares cercanos a San Sebasti\u00e1n que merece la pena visitar - Discover Donosti","og_url":"https:\/\/discoverdonosti.com\/es\/alrededores\/","og_site_name":"Discover Donosti","article_modified_time":"2024-09-04T15:47:27+00:00","og_image":[{"url":"http:\/\/discoverdonosti.com\/wp-content\/uploads\/2023\/09\/River-Nerion-banks-Bilbao-1024x768.jpg","type":"","width":"","height":""}],"twitter_card":"summary_large_image","twitter_misc":{"Tiempo de lectura":"3 minutos"},"schema":{"@context":"https:\/\/schema.org","@graph":[{"@type":"WebPage","@id":"https:\/\/discoverdonosti.com\/es\/alrededores\/","url":"https:\/\/discoverdonosti.com\/es\/alrededores\/","name":"Lugares cercanos a San Sebasti\u00e1n que merece la pena visitar - Discover Donosti","isPartOf":{"@id":"https:\/\/discoverdonosti.com\/es\/#website"},"primaryImageOfPage":{"@id":"https:\/\/discoverdonosti.com\/es\/alrededores\/#primaryimage"},"image":{"@id":"https:\/\/discoverdonosti.com\/es\/alrededores\/#primaryimage"},"thumbnailUrl":"http:\/\/discoverdonosti.com\/wp-content\/uploads\/2023\/09\/River-Nerion-banks-Bilbao-1024x768.jpg","datePublished":"2023-11-16T06:36:47+00:00","dateModified":"2024-09-04T15:47:27+00:00","breadcrumb":{"@id":"https:\/\/discoverdonosti.com\/es\/alrededores\/#breadcrumb"},"inLanguage":"es","potentialAction":[{"@type":"ReadAction","target":["https:\/\/discoverdonosti.com\/es\/alrededores\/"]}]},{"@type":"ImageObject","inLanguage":"es","@id":"https:\/\/discoverdonosti.com\/es\/alrededores\/#primaryimage","url":"http:\/\/discoverdonosti.com\/wp-content\/uploads\/2023\/09\/River-Nerion-banks-Bilbao-1024x768.jpg","contentUrl":"http:\/\/discoverdonosti.com\/wp-content\/uploads\/2023\/09\/River-Nerion-banks-Bilbao-1024x768.jpg"},{"@type":"BreadcrumbList","@id":"https:\/\/discoverdonosti.com\/es\/alrededores\/#breadcrumb","itemListElement":[{"@type":"ListItem","position":1,"name":"Home","item":"https:\/\/discoverdonosti.com\/es\/"},{"@type":"ListItem","position":2,"name":"Alrededores"}]},{"@type":"WebSite","@id":"https:\/\/discoverdonosti.com\/es\/#website","url":"https:\/\/discoverdonosti.com\/es\/","name":"Discover Donosti","description":"Your ultimate guide to San Sebastian","publisher":{"@id":"https:\/\/discoverdonosti.com\/es\/#organization"},"potentialAction":[{"@type":"SearchAction","target":{"@type":"EntryPoint","urlTemplate":"https:\/\/discoverdonosti.com\/es\/?s={search_term_string}"},"query-input":{"@type":"PropertyValueSpecification","valueRequired":true,"valueName":"search_term_string"}}],"inLanguage":"es"},{"@type":"Organization","@id":"https:\/\/discoverdonosti.com\/es\/#organization","name":"Discover Donosti","url":"https:\/\/discoverdonosti.com\/es\/","logo":{"@type":"ImageObject","inLanguage":"es","@id":"https:\/\/discoverdonosti.com\/es\/#\/schema\/logo\/image\/","url":"https:\/\/discoverdonosti.com\/wp-content\/uploads\/2022\/07\/Discover-Donosti-Favicon.jpg","contentUrl":"https:\/\/discoverdonosti.com\/wp-content\/uploads\/2022\/07\/Discover-Donosti-Favicon.jpg","width":600,"height":600,"caption":"Discover Donosti"},"image":{"@id":"https:\/\/discoverdonosti.com\/es\/#\/schema\/logo\/image\/"},"sameAs":["https:\/\/www.instagram.com\/discoverdonosti\/"]}]}},"_links":{"self":[{"href":"https:\/\/discoverdonosti.com\/es\/wp-json\/wp\/v2\/pages\/3251","targetHints":{"allow":["GET"]}}],"collection":[{"href":"https:\/\/discoverdonosti.com\/es\/wp-json\/wp\/v2\/pages"}],"about":[{"href":"https:\/\/discoverdonosti.com\/es\/wp-json\/wp\/v2\/types\/page"}],"author":[{"embeddable":true,"href":"https:\/\/discoverdonosti.com\/es\/wp-json\/wp\/v2\/users\/2"}],"replies":[{"embeddable":true,"href":"https:\/\/discoverdonosti.com\/es\/wp-json\/wp\/v2\/comments?post=3251"}],"version-history":[{"count":5,"href":"https:\/\/discoverdonosti.com\/es\/wp-json\/wp\/v2\/pages\/3251\/revisions"}],"predecessor-version":[{"id":3963,"href":"https:\/\/discoverdonosti.com\/es\/wp-json\/wp\/v2\/pages\/3251\/revisions\/3963"}],"wp:attachment":[{"href":"https:\/\/discoverdonosti.com\/es\/wp-json\/wp\/v2\/media?parent=3251"}],"curies":[{"name":"wp","href":"https:\/\/api.w.org\/{rel}","templated":true}]}}