{"id":2108,"date":"2023-02-24T07:10:06","date_gmt":"2023-02-24T07:10:06","guid":{"rendered":"https:\/\/discoverdonosti.com\/condiciones-de-uso\/"},"modified":"2023-04-12T06:39:20","modified_gmt":"2023-04-12T05:39:20","slug":"condiciones-de-uso","status":"publish","type":"page","link":"https:\/\/discoverdonosti.com\/es\/condiciones-de-uso\/","title":{"rendered":"Condiciones de uso"},"content":{"rendered":"\n<p>\u00daltima actualizaci\u00f3n: 24\/02\/2023<\/p>\n\n<p>Al utilizar Discover Donosti \/ nuestro sitio \/ este sitio web, usted confirma que acepta las siguientes condiciones de uso y que se compromete a cumplirlas.<\/p>\n\n<h2 class=\"wp-block-heading\"><strong>Introducci\u00f3n (Lea atentamente nuestras condiciones antes de utilizar el sitio)<\/strong><\/h2>\n\n<p>Bienvenido a Discover Donosti (\u00abEmpresa\u00bb, \u00abnosotros\u00bb, \u00abnuestro\u00bb, \u00abnos\u00bb).<\/p>\n\n<p>Estas Condiciones del servicio (\u00abCondiciones\u00bb, \u00abCondiciones del servicio\u00bb) rigen el uso de nuestras p\u00e1ginas web ubicadas en https:\/\/www.discoverdonosti.com\/ operado por Discover Donosti.<\/p>\n\n<p>Nuestra Pol\u00edtica de Privacidad tambi\u00e9n rige el uso de nuestro Servicio y explica c\u00f3mo recopilamos, salvaguardamos y divulgamos la informaci\u00f3n resultante del uso de nuestras p\u00e1ginas web. L\u00e9alo aqu\u00ed https:\/\/www.discoverdonosti.com\/privacy-policy\/.<\/p>\n\n<p>Su acuerdo con nosotros incluye estas Condiciones y nuestra Pol\u00edtica de Privacidad (\u00abAcuerdos\u00bb). Usted reconoce haber le\u00eddo y comprendido los Acuerdos, y acepta quedar vinculado por ellos.<\/p>\n\n<p>Si no est\u00e1 de acuerdo con estos Acuerdos (o no puede cumplirlos), no podr\u00e1 utilizar este sitio web. Estas Condiciones se aplican a todos los visitantes, usuarios y dem\u00e1s personas que deseen acceder al Servicio o utilizarlo.<\/p>\n\n<h2 class=\"wp-block-heading\"><strong>Contenido de este sitio web y derechos de autor<\/strong><\/h2>\n\n<p>Todo el contenido escrito de este sitio web ha sido creado por Discover Donosti. Queda prohibido utilizar, copiar, reproducir o imprimir este contenido de cualquier forma.<\/p>\n\n<p>Las im\u00e1genes utilizadas en este sitio web se utilizan de buena fe. La mayor\u00eda de las im\u00e1genes que aparecen en este sitio web son fotos tomadas directamente por Discover Donosti. Otras im\u00e1genes se han tomado de las p\u00e1ginas de la organizaci\u00f3n en las redes sociales (se indicar\u00e1 en el pie de foto).<\/p>\n\n<h2 class=\"wp-block-heading\"><strong>Concursos, sorteos y promociones<\/strong><\/h2>\n\n<p>Los concursos, sorteos u otras promociones (colectivamente, \u00abPromociones\u00bb) disponibles a trav\u00e9s de este sitio web pueden regirse por normas independientes de estas Condiciones de servicio. Si participa en alguna Promoci\u00f3n, consulte las normas aplicables, as\u00ed como nuestra Pol\u00edtica de privacidad. Si las reglas de una Promoci\u00f3n entran en conflicto con estas Condiciones de servicio, se aplicar\u00e1n las reglas de la Promoci\u00f3n.<\/p>\n\n<h2 class=\"wp-block-heading\"><strong>Exenci\u00f3n de responsabilidad<\/strong><\/h2>\n\n<p>Toda la informaci\u00f3n que se puede encontrar en Discover Donosti es, sin excepci\u00f3n, s\u00f3lo para fines de informaci\u00f3n general y entretenimiento. La informaci\u00f3n contenida en este sitio web no pretende ser un asesoramiento profesional en el que usted pueda confiar.  <\/p>\n\n<p>Le aconsejamos que, antes de seguir cualquiera de nuestros consejos, ya sean recomendaciones de hoteles o Airbnb o gu\u00edas de senderismo, obtenga asesoramiento especializado o profesional.  <\/p>\n\n<p>Todas las opiniones y consejos proporcionados en Descubre Donosti y a trav\u00e9s de nuestras cuentas de redes sociales relacionadas (Facebook e Instagram) son nuestros propios pensamientos y opiniones. Si bien hacemos todo lo posible para asegurar la exactitud de la informaci\u00f3n en Discover Donosti, no hacemos ninguna garant\u00eda, representaciones o garant\u00edas, independientemente de si son expresas o impl\u00edcitas, que el contenido incluido en Discover Donosti es hasta la fecha, precisa o completa de ninguna manera.<\/p>\n\n<h2 class=\"wp-block-heading\"><strong>Contenido<\/strong><\/h2>\n\n<p>El contenido escrito de este sitio web, a menos que se indique lo contrario, es propiedad de Discover Donosti. Usted no podr\u00e1 distribuir, modificar, transmitir, reutilizar, descargar, reenviar, copiar o utilizar dicho Contenido, ya sea en su totalidad o en parte, con fines comerciales o para beneficio personal, sin nuestro permiso expreso previo por escrito.<\/p>\n\n<h2 class=\"wp-block-heading\"><strong>Usos prohibidos<\/strong><\/h2>\n\n<p>S\u00f3lo podr\u00e1 utilizar este sitio web con fines l\u00edcitos y de conformidad con las Condiciones. Usted se compromete a no utilizar el Servicio:<\/p>\n\n<ul class=\"wp-block-list\">\n<li>De cualquier forma que infrinja cualquier ley o reglamento nacional o internacional aplicable.<\/li>\n\n\n\n<li>Transmitir, o procurar el env\u00edo de, cualquier material publicitario o promocional, incluido cualquier \u00abcorreo basura\u00bb, \u00abcarta en cadena\u00bb, \u00abspam\u00bb o cualquier otra solicitud similar.<\/li>\n\n\n\n<li>Hacerse pasar o intentar hacerse pasar por Discover Donosti.<\/li>\n\n\n\n<li>De cualquier forma que infrinja los derechos de terceros, o de cualquier forma sea ilegal, amenazadora, fraudulenta o perjudicial, o en relaci\u00f3n con cualquier prop\u00f3sito o actividad il\u00edcita, ilegal, fraudulenta o perjudicial.<\/li>\n\n\n\n<li>Participar en cualquier otra conducta que restrinja o inhiba el uso o disfrute de este sitio web por parte de cualquier persona, o que, a nuestro juicio, pueda resultar perjudicial u ofensiva.<\/li>\n<\/ul>\n\n<p>Gracias por venir.<\/p>\n","protected":false},"excerpt":{"rendered":"<p>\u00daltima actualizaci\u00f3n: 24\/02\/2023 Al utilizar Discover Donosti \/ nuestro sitio \/ este sitio web, usted confirma que acepta las siguientes condiciones de uso y que se compromete a cumplirlas. Introducci\u00f3n (Lea atentamente nuestras condiciones antes de utilizar el sitio) Bienvenido a Discover Donosti (\u00abEmpresa\u00bb, \u00abnosotros\u00bb, \u00abnuestro\u00bb, \u00abnos\u00bb). Estas Condiciones del servicio (\u00abCondiciones\u00bb, \u00abCondiciones del servicio\u00bb) &#8230; <a title=\"Condiciones de uso\" class=\"read-more\" href=\"https:\/\/discoverdonosti.com\/es\/condiciones-de-uso\/\" aria-label=\"Leer m\u00e1s sobre Condiciones de uso\">Leer m\u00e1s<\/a><\/p>\n","protected":false},"author":1,"featured_media":0,"parent":0,"menu_order":0,"comment_status":"closed","ping_status":"closed","template":"","meta":{"footnotes":""},"class_list":["post-2108","page","type-page","status-publish"],"yoast_head":"<!-- This site is optimized with the Yoast SEO plugin v27.4 - https:\/\/yoast.com\/product\/yoast-seo-wordpress\/ -->\n<title>Condiciones de uso - Discover Donosti<\/title>\n<meta name=\"robots\" content=\"index, follow, max-snippet:-1, max-image-preview:large, max-video-preview:-1\" \/>\n<link rel=\"canonical\" href=\"https:\/\/discoverdonosti.com\/es\/condiciones-de-uso\/\" \/>\n<meta property=\"og:locale\" content=\"es_ES\" \/>\n<meta property=\"og:type\" content=\"article\" \/>\n<meta property=\"og:title\" content=\"Condiciones de uso - Discover Donosti\" \/>\n<meta property=\"og:description\" content=\"\u00daltima actualizaci\u00f3n: 24\/02\/2023 Al utilizar Discover Donosti \/ nuestro sitio \/ este sitio web, usted confirma que acepta las siguientes condiciones de uso y que se compromete a cumplirlas. Introducci\u00f3n (Lea atentamente nuestras condiciones antes de utilizar el sitio) Bienvenido a Discover Donosti (\u00abEmpresa\u00bb, \u00abnosotros\u00bb, \u00abnuestro\u00bb, \u00abnos\u00bb). Estas Condiciones del servicio (\u00abCondiciones\u00bb, \u00abCondiciones del servicio\u00bb) ... Leer m\u00e1s\" \/>\n<meta property=\"og:url\" content=\"https:\/\/discoverdonosti.com\/es\/condiciones-de-uso\/\" \/>\n<meta property=\"og:site_name\" content=\"Discover Donosti\" \/>\n<meta property=\"article:modified_time\" content=\"2023-04-12T05:39:20+00:00\" \/>\n<meta name=\"twitter:card\" content=\"summary_large_image\" \/>\n<meta name=\"twitter:label1\" content=\"Tiempo de lectura\" \/>\n\t<meta name=\"twitter:data1\" content=\"3 minutos\" \/>\n<script type=\"application\/ld+json\" class=\"yoast-schema-graph\">{\"@context\":\"https:\\\/\\\/schema.org\",\"@graph\":[{\"@type\":\"WebPage\",\"@id\":\"https:\\\/\\\/discoverdonosti.com\\\/es\\\/condiciones-de-uso\\\/\",\"url\":\"https:\\\/\\\/discoverdonosti.com\\\/es\\\/condiciones-de-uso\\\/\",\"name\":\"Condiciones de uso - Discover Donosti\",\"isPartOf\":{\"@id\":\"https:\\\/\\\/discoverdonosti.com\\\/es\\\/#website\"},\"datePublished\":\"2023-02-24T07:10:06+00:00\",\"dateModified\":\"2023-04-12T05:39:20+00:00\",\"breadcrumb\":{\"@id\":\"https:\\\/\\\/discoverdonosti.com\\\/es\\\/condiciones-de-uso\\\/#breadcrumb\"},\"inLanguage\":\"es\",\"potentialAction\":[{\"@type\":\"ReadAction\",\"target\":[\"https:\\\/\\\/discoverdonosti.com\\\/es\\\/condiciones-de-uso\\\/\"]}]},{\"@type\":\"BreadcrumbList\",\"@id\":\"https:\\\/\\\/discoverdonosti.com\\\/es\\\/condiciones-de-uso\\\/#breadcrumb\",\"itemListElement\":[{\"@type\":\"ListItem\",\"position\":1,\"name\":\"Home\",\"item\":\"https:\\\/\\\/discoverdonosti.com\\\/es\\\/\"},{\"@type\":\"ListItem\",\"position\":2,\"name\":\"Condiciones de uso\"}]},{\"@type\":\"WebSite\",\"@id\":\"https:\\\/\\\/discoverdonosti.com\\\/es\\\/#website\",\"url\":\"https:\\\/\\\/discoverdonosti.com\\\/es\\\/\",\"name\":\"Discover Donosti\",\"description\":\"Your ultimate guide to San Sebastian\",\"publisher\":{\"@id\":\"https:\\\/\\\/discoverdonosti.com\\\/es\\\/#organization\"},\"potentialAction\":[{\"@type\":\"SearchAction\",\"target\":{\"@type\":\"EntryPoint\",\"urlTemplate\":\"https:\\\/\\\/discoverdonosti.com\\\/es\\\/?s={search_term_string}\"},\"query-input\":{\"@type\":\"PropertyValueSpecification\",\"valueRequired\":true,\"valueName\":\"search_term_string\"}}],\"inLanguage\":\"es\"},{\"@type\":\"Organization\",\"@id\":\"https:\\\/\\\/discoverdonosti.com\\\/es\\\/#organization\",\"name\":\"Discover Donosti\",\"url\":\"https:\\\/\\\/discoverdonosti.com\\\/es\\\/\",\"logo\":{\"@type\":\"ImageObject\",\"inLanguage\":\"es\",\"@id\":\"https:\\\/\\\/discoverdonosti.com\\\/es\\\/#\\\/schema\\\/logo\\\/image\\\/\",\"url\":\"https:\\\/\\\/discoverdonosti.com\\\/wp-content\\\/uploads\\\/2022\\\/07\\\/Discover-Donosti-Favicon.jpg\",\"contentUrl\":\"https:\\\/\\\/discoverdonosti.com\\\/wp-content\\\/uploads\\\/2022\\\/07\\\/Discover-Donosti-Favicon.jpg\",\"width\":600,\"height\":600,\"caption\":\"Discover Donosti\"},\"image\":{\"@id\":\"https:\\\/\\\/discoverdonosti.com\\\/es\\\/#\\\/schema\\\/logo\\\/image\\\/\"},\"sameAs\":[\"https:\\\/\\\/www.instagram.com\\\/discoverdonosti\\\/\"]}]}<\/script>\n<!-- \/ Yoast SEO plugin. -->","yoast_head_json":{"title":"Condiciones de uso - Discover Donosti","robots":{"index":"index","follow":"follow","max-snippet":"max-snippet:-1","max-image-preview":"max-image-preview:large","max-video-preview":"max-video-preview:-1"},"canonical":"https:\/\/discoverdonosti.com\/es\/condiciones-de-uso\/","og_locale":"es_ES","og_type":"article","og_title":"Condiciones de uso - Discover Donosti","og_description":"\u00daltima actualizaci\u00f3n: 24\/02\/2023 Al utilizar Discover Donosti \/ nuestro sitio \/ este sitio web, usted confirma que acepta las siguientes condiciones de uso y que se compromete a cumplirlas. Introducci\u00f3n (Lea atentamente nuestras condiciones antes de utilizar el sitio) Bienvenido a Discover Donosti (\u00abEmpresa\u00bb, \u00abnosotros\u00bb, \u00abnuestro\u00bb, \u00abnos\u00bb). Estas Condiciones del servicio (\u00abCondiciones\u00bb, \u00abCondiciones del servicio\u00bb) ... Leer m\u00e1s","og_url":"https:\/\/discoverdonosti.com\/es\/condiciones-de-uso\/","og_site_name":"Discover Donosti","article_modified_time":"2023-04-12T05:39:20+00:00","twitter_card":"summary_large_image","twitter_misc":{"Tiempo de lectura":"3 minutos"},"schema":{"@context":"https:\/\/schema.org","@graph":[{"@type":"WebPage","@id":"https:\/\/discoverdonosti.com\/es\/condiciones-de-uso\/","url":"https:\/\/discoverdonosti.com\/es\/condiciones-de-uso\/","name":"Condiciones de uso - Discover Donosti","isPartOf":{"@id":"https:\/\/discoverdonosti.com\/es\/#website"},"datePublished":"2023-02-24T07:10:06+00:00","dateModified":"2023-04-12T05:39:20+00:00","breadcrumb":{"@id":"https:\/\/discoverdonosti.com\/es\/condiciones-de-uso\/#breadcrumb"},"inLanguage":"es","potentialAction":[{"@type":"ReadAction","target":["https:\/\/discoverdonosti.com\/es\/condiciones-de-uso\/"]}]},{"@type":"BreadcrumbList","@id":"https:\/\/discoverdonosti.com\/es\/condiciones-de-uso\/#breadcrumb","itemListElement":[{"@type":"ListItem","position":1,"name":"Home","item":"https:\/\/discoverdonosti.com\/es\/"},{"@type":"ListItem","position":2,"name":"Condiciones de uso"}]},{"@type":"WebSite","@id":"https:\/\/discoverdonosti.com\/es\/#website","url":"https:\/\/discoverdonosti.com\/es\/","name":"Discover Donosti","description":"Your ultimate guide to San Sebastian","publisher":{"@id":"https:\/\/discoverdonosti.com\/es\/#organization"},"potentialAction":[{"@type":"SearchAction","target":{"@type":"EntryPoint","urlTemplate":"https:\/\/discoverdonosti.com\/es\/?s={search_term_string}"},"query-input":{"@type":"PropertyValueSpecification","valueRequired":true,"valueName":"search_term_string"}}],"inLanguage":"es"},{"@type":"Organization","@id":"https:\/\/discoverdonosti.com\/es\/#organization","name":"Discover Donosti","url":"https:\/\/discoverdonosti.com\/es\/","logo":{"@type":"ImageObject","inLanguage":"es","@id":"https:\/\/discoverdonosti.com\/es\/#\/schema\/logo\/image\/","url":"https:\/\/discoverdonosti.com\/wp-content\/uploads\/2022\/07\/Discover-Donosti-Favicon.jpg","contentUrl":"https:\/\/discoverdonosti.com\/wp-content\/uploads\/2022\/07\/Discover-Donosti-Favicon.jpg","width":600,"height":600,"caption":"Discover Donosti"},"image":{"@id":"https:\/\/discoverdonosti.com\/es\/#\/schema\/logo\/image\/"},"sameAs":["https:\/\/www.instagram.com\/discoverdonosti\/"]}]}},"_links":{"self":[{"href":"https:\/\/discoverdonosti.com\/es\/wp-json\/wp\/v2\/pages\/2108","targetHints":{"allow":["GET"]}}],"collection":[{"href":"https:\/\/discoverdonosti.com\/es\/wp-json\/wp\/v2\/pages"}],"about":[{"href":"https:\/\/discoverdonosti.com\/es\/wp-json\/wp\/v2\/types\/page"}],"author":[{"embeddable":true,"href":"https:\/\/discoverdonosti.com\/es\/wp-json\/wp\/v2\/users\/1"}],"replies":[{"embeddable":true,"href":"https:\/\/discoverdonosti.com\/es\/wp-json\/wp\/v2\/comments?post=2108"}],"version-history":[{"count":2,"href":"https:\/\/discoverdonosti.com\/es\/wp-json\/wp\/v2\/pages\/2108\/revisions"}],"predecessor-version":[{"id":2110,"href":"https:\/\/discoverdonosti.com\/es\/wp-json\/wp\/v2\/pages\/2108\/revisions\/2110"}],"wp:attachment":[{"href":"https:\/\/discoverdonosti.com\/es\/wp-json\/wp\/v2\/media?parent=2108"}],"curies":[{"name":"wp","href":"https:\/\/api.w.org\/{rel}","templated":true}]}}